{"id":33,"date":"2019-04-01T13:49:31","date_gmt":"2019-04-01T13:49:31","guid":{"rendered":"https:\/\/demo.cocobasic.com\/pekko-wp\/?page_id=33"},"modified":"2020-12-10T20:58:50","modified_gmt":"2020-12-10T19:58:50","slug":"about","status":"publish","type":"page","link":"https:\/\/www.amoi.ch\/?page_id=33","title":{"rendered":"About"},"content":{"rendered":"\t\t<div data-elementor-type=\"wp-page\" data-elementor-id=\"33\" class=\"elementor elementor-33\">\n\t\t\t\t\t\t<div class=\"elementor-inner\">\n\t\t\t\t<div class=\"elementor-section-wrap\">\n\t\t\t\t\t\t\t\t\t<section class=\"elementor-section elementor-top-section elementor-element elementor-element-ac44f1f elementor-section-full_width elementor-section-height-default elementor-section-height-default\" data-id=\"ac44f1f\" data-element_type=\"section\">\n\t\t\t\t\t\t<div class=\"elementor-container elementor-column-gap-no\">\n\t\t\t\t\t\t\t<div class=\"elementor-row\">\n\t\t\t\t\t<div class=\"elementor-column elementor-col-100 elementor-top-column elementor-element elementor-element-9cee65e\" data-id=\"9cee65e\" data-element_type=\"column\">\n\t\t\t<div class=\"elementor-column-wrap elementor-element-populated\">\n\t\t\t\t\t\t\t<div class=\"elementor-widget-wrap\">\n\t\t\t\t\t\t<div class=\"elementor-element elementor-element-4a4144f elementor-widget elementor-widget-heading\" data-id=\"4a4144f\" data-element_type=\"widget\" data-widget_type=\"heading.default\">\n\t\t\t\t<div class=\"elementor-widget-container\">\n\t\t\t<h1 class=\"elementor-heading-title elementor-size-medium\">~ 5 g\u00e9n\u00e9rations dans le monde de la photographie ~<\/h1>\t\t<\/div>\n\t\t\t\t<\/div>\n\t\t\t\t<div class=\"elementor-element elementor-element-58c20f9 elementor-widget elementor-widget-heading\" data-id=\"58c20f9\" data-element_type=\"widget\" data-widget_type=\"heading.default\">\n\t\t\t\t<div class=\"elementor-widget-container\">\n\t\t\t<h2 class=\"elementor-heading-title elementor-size-default\">Depuis 1869<\/h2>\t\t<\/div>\n\t\t\t\t<\/div>\n\t\t\t\t\t\t<\/div>\n\t\t\t\t\t<\/div>\n\t\t<\/div>\n\t\t\t\t\t\t\t\t<\/div>\n\t\t\t\t\t<\/div>\n\t\t<\/section>\n\t\t\t\t<section class=\"elementor-section elementor-top-section elementor-element elementor-element-c15d3f9 elementor-section-full_width elementor-section-height-default elementor-section-height-default\" data-id=\"c15d3f9\" data-element_type=\"section\">\n\t\t\t\t\t\t<div class=\"elementor-container elementor-column-gap-no\">\n\t\t\t\t\t\t\t<div class=\"elementor-row\">\n\t\t\t\t\t<div class=\"elementor-column elementor-col-100 elementor-top-column elementor-element elementor-element-939a0b3\" data-id=\"939a0b3\" data-element_type=\"column\">\n\t\t\t<div class=\"elementor-column-wrap elementor-element-populated\">\n\t\t\t\t\t\t\t<div class=\"elementor-widget-wrap\">\n\t\t\t\t\t\t<div class=\"elementor-element elementor-element-4d7b9a3 elementor-widget elementor-widget-image\" data-id=\"4d7b9a3\" data-element_type=\"widget\" data-widget_type=\"image.default\">\n\t\t\t\t<div class=\"elementor-widget-container\">\n\t\t\t\t\t\t\t\t<div class=\"elementor-image\">\n\t\t\t\t\t\t\t\t\t\t\t\t<img width=\"1440\" height=\"700\" src=\"https:\/\/www.amoi.ch\/wp-content\/uploads\/2020\/11\/img_header.jpg\" class=\"attachment-full size-full\" alt=\"\" loading=\"lazy\" srcset=\"https:\/\/www.amoi.ch\/wp-content\/uploads\/2020\/11\/img_header.jpg 1440w, https:\/\/www.amoi.ch\/wp-content\/uploads\/2020\/11\/img_header-300x146.jpg 300w, https:\/\/www.amoi.ch\/wp-content\/uploads\/2020\/11\/img_header-1024x498.jpg 1024w, https:\/\/www.amoi.ch\/wp-content\/uploads\/2020\/11\/img_header-768x373.jpg 768w\" sizes=\"(max-width: 1440px) 100vw, 1440px\" \/>\t\t\t\t\t\t\t\t\t\t\t\t\t\t<\/div>\n\t\t\t\t\t\t<\/div>\n\t\t\t\t<\/div>\n\t\t\t\t\t\t<\/div>\n\t\t\t\t\t<\/div>\n\t\t<\/div>\n\t\t\t\t\t\t\t\t<\/div>\n\t\t\t\t\t<\/div>\n\t\t<\/section>\n\t\t\t\t<section class=\"elementor-section elementor-top-section elementor-element elementor-element-4c3851f elementor-section-full_width elementor-section-height-default elementor-section-height-default\" data-id=\"4c3851f\" data-element_type=\"section\">\n\t\t\t\t\t\t<div class=\"elementor-container elementor-column-gap-no\">\n\t\t\t\t\t\t\t<div class=\"elementor-row\">\n\t\t\t\t\t<div class=\"elementor-column elementor-col-50 elementor-top-column elementor-element elementor-element-1da4cf3\" data-id=\"1da4cf3\" data-element_type=\"column\">\n\t\t\t<div class=\"elementor-column-wrap elementor-element-populated\">\n\t\t\t\t\t\t\t<div class=\"elementor-widget-wrap\">\n\t\t\t\t\t\t<div class=\"elementor-element elementor-element-de1e2a7 elementor-widget elementor-widget-coco-timeline\" data-id=\"de1e2a7\" data-element_type=\"widget\" data-widget_type=\"coco-timeline.default\">\n\t\t\t\t<div class=\"elementor-widget-container\">\n\t\t\t<ul class=\"timeline-holder\">\n    \n                <li class=\"timeline-event\">\n                    <span class=\"timeline-circle\"><\/span>\n                    <div class=\"timeline-event-content\">Laurent Enard suit une formation de photographe chez James Perret sp\u00e9cialiste de l\u2019image publicitaire, \u00e0 Lucerne et, en parall\u00e8le, les cours de l\u2019Ecole d\u2019Arts appliqu\u00e9s de Vevey, diplom\u00e9 en 1988.<\/div>\n                    <div class=\"timeline-event-date\">1984<\/div>\n                <\/li>          \n            \n                <li class=\"timeline-event\">\n                    <span class=\"timeline-circle\"><\/span>\n                    <div class=\"timeline-event-content\">L'agence de conception visuelle Amoi sarl est cr\u00e9\u00e9e : un studio de prises de vue publicitaire (Architecture - Mode - Objet - Industrie) d\u00e9j\u00e0 \u00e0 l'\u00e9poque \u00e0 la pointe de la technologie.<\/div>\n                    <div class=\"timeline-event-date\">1989<\/div>\n                <\/li>          \n            \n                <li class=\"timeline-event\">\n                    <span class=\"timeline-circle\"><\/span>\n                    <div class=\"timeline-event-content\">Pour \u00e9voluer avec les technologies de son temps, Laurent se forme \u00e0 l'informatique et se sp\u00e9cialise dans l'infographie et sur les diff\u00e9rents logiciels pr\u00e9-presse.<\/div>\n                    <div class=\"timeline-event-date\">1990<\/div>\n                <\/li>          \n            \n                <li class=\"timeline-event\">\n                    <span class=\"timeline-circle\"><\/span>\n                    <div class=\"timeline-event-content\">A la suite d'une formation sur Paris, Laurent devient op\u00e9rateur scann\u00e9riste en photolithographie.<\/div>\n                    <div class=\"timeline-event-date\">1992<\/div>\n                <\/li>          \n            \n                <li class=\"timeline-event\">\n                    <span class=\"timeline-circle\"><\/span>\n                    <div class=\"timeline-event-content\">En parall\u00e8le du studio Amoi, il assure le pr\u00e9-presse et les travaux d'infographie \u00e0 l\u2019imprimerie Roos, durant 6 ans.<\/div>\n                    <div class=\"timeline-event-date\">1994<\/div>\n                <\/li>          \n            \n                <li class=\"timeline-event\">\n                    <span class=\"timeline-circle\"><\/span>\n                    <div class=\"timeline-event-content\">Il se consacre au tout num\u00e9rique et d\u00e9laisse l\u2019argentique. A la m\u00eame p\u00e9riode, il cr\u00e9e l\u2019entreprise Enrec diffusion sarl, qui fabrique et distribue un volume de 135\u2019000 catalogues pour la promotion publicitaire des artisans et commer\u00e7ants dans le Canton du Jura, le Jura bernois et Neuch\u00e2tel. \n<\/div>\n                    <div class=\"timeline-event-date\">2000<\/div>\n                <\/li>          \n            \n                <li class=\"timeline-event\">\n                    <span class=\"timeline-circle\"><\/span>\n                    <div class=\"timeline-event-content\">Pionnier dans l\u2019image photo 360\u00b0, il met au point et d\u00e9veloppe avec ses employ\u00e9s des syst\u00e8mes d\u2019images \u00e0 360\u00b0.<\/div>\n                    <div class=\"timeline-event-date\">2005<\/div>\n                <\/li>          \n            \n                <li class=\"timeline-event\">\n                    <span class=\"timeline-circle\"><\/span>\n                    <div class=\"timeline-event-content\">Il prend en charge photographie, photolithographie, pr\u00e9-presse et jusqu\u2019\u00e0 l\u2019impression des catalogues d'horlogerie.<\/div>\n                    <div class=\"timeline-event-date\">2006<\/div>\n                <\/li>          \n            \n                <li class=\"timeline-event\">\n                    <span class=\"timeline-circle\"><\/span>\n                    <div class=\"timeline-event-content\">Ouverture d\u2019un studio photo de 300m2 \u00e9quip\u00e9 des derni\u00e8res technologies pr\u00e8s de la gare \u00e0 Del\u00e9mont.\n<\/div>\n                    <div class=\"timeline-event-date\">2018<\/div>\n                <\/li>          \n             \n<\/ul>\n\n\t\t<\/div>\n\t\t\t\t<\/div>\n\t\t\t\t\t\t<\/div>\n\t\t\t\t\t<\/div>\n\t\t<\/div>\n\t\t\t\t<div class=\"elementor-column elementor-col-50 elementor-top-column elementor-element elementor-element-ad72d3a\" data-id=\"ad72d3a\" data-element_type=\"column\">\n\t\t\t<div class=\"elementor-column-wrap elementor-element-populated\">\n\t\t\t\t\t\t\t<div class=\"elementor-widget-wrap\">\n\t\t\t\t\t\t<div class=\"elementor-element elementor-element-b6f23c4 elementor-widget elementor-widget-heading\" data-id=\"b6f23c4\" data-element_type=\"widget\" data-widget_type=\"heading.default\">\n\t\t\t\t<div class=\"elementor-widget-container\">\n\t\t\t<h1 class=\"elementor-heading-title elementor-size-default\">HISTORIQUE<\/h1>\t\t<\/div>\n\t\t\t\t<\/div>\n\t\t\t\t<div class=\"elementor-element elementor-element-2d639ca elementor-widget elementor-widget-text-editor\" data-id=\"2d639ca\" data-element_type=\"widget\" data-widget_type=\"text-editor.default\">\n\t\t\t\t<div class=\"elementor-widget-container\">\n\t\t\t\t\t\t\t\t<div class=\"elementor-text-editor elementor-clearfix\">\n\t\t\t\t<p>En 1869, Fran\u00e7ois Joseph Enard, peintre-portraitiste, fonde l\u2019entreprise Photos Enard. Il a \u00e9t\u00e9 form\u00e9 par Claude-Antoine Lumi\u00e8re le p\u00e8re des fameux Fr\u00e8res Lumi\u00e8re. Lui succ\u00e8de Fran\u00e7ois Joseph Enard dit Jules, son fils, puis Georges et Maurice. Maurice aura quatre enfants dont Fran\u00e7ois Enard, photographe, qui est le p\u00e8re de Laurent Enard. Laurent Enard na\u00eet le 9 octobre 1968 dans le Jura suisse, la cinqui\u00e8me g\u00e9n\u00e9ration.<\/p>\t\t\t\t\t<\/div>\n\t\t\t\t\t\t<\/div>\n\t\t\t\t<\/div>\n\t\t\t\t<div class=\"elementor-element elementor-element-6216134 elementor-widget elementor-widget-heading\" data-id=\"6216134\" data-element_type=\"widget\" data-widget_type=\"heading.default\">\n\t\t\t\t<div class=\"elementor-widget-container\">\n\t\t\t<h1 class=\"elementor-heading-title elementor-size-default\">r\u00e9f\u00e9rences<\/h1>\t\t<\/div>\n\t\t\t\t<\/div>\n\t\t\t\t<div class=\"elementor-element elementor-element-779572e elementor-widget elementor-widget-text-editor\" data-id=\"779572e\" data-element_type=\"widget\" data-widget_type=\"text-editor.default\">\n\t\t\t\t<div class=\"elementor-widget-container\">\n\t\t\t\t\t\t\t\t<div class=\"elementor-text-editor elementor-clearfix\">\n\t\t\t\t<p>Edox | Claude Bernard | Eterna | Aerowatch | Breitling | Marcel Bouvier | Century | Alex Huning | Peter Tanisman, Eye-watches Mepe SA | Bandi | Blancpain | Wenger | Victorinox | Tag Heuer | Cvstos | Vacheron Constantin | Hublot | Oris | Swiza | IWF | Vincenterra | Simon et Membrez | Ruedin | Viquodeco SA | Sch\u00e4ublin | Turck | Tornos | Applitec | BC Technologie | Biwi | Injector | Precitrame | LNS | Alpha-Tools | Le Composant | APJ | Cerjo | Willemin Macodel | Banque Cantonal Jurassienne | Eumedica | Metafil la Girolle | IVI-Media.ch | Pomzed Design | R.Montavon SA | Novochristal SA | Steve L\u00e9chot Luminaires | Belux | Val St. Lambert | Materiaux SABAG | DIXI SA | Ponts et Chauss\u00e9s | New Frigotech | Preci-Dip | Kulm Hotel Arosa | Paleojura | Romande Energie | Rufi Optique | Atokalpa | General Ressorts | FIG | Reinhart Hydrocleaning | Efteor | Decovi | Vardeco SA | Schaller SA | Groupe Acrotec | Humard | Helvetica Brand | Banque Valiant | DJC SAS | Pr\u00e9cipro SA | Kif Parechoc SA | Petitpierre SA | STS SA | Mu-Dec SA | H2I | Mimotec SA | Watchdec SA | Pierhor- Gasser | Walter Hiltbrunner SA | Baume Joseph SA | Frauchiger SA<\/p>\t\t\t\t\t<\/div>\n\t\t\t\t\t\t<\/div>\n\t\t\t\t<\/div>\n\t\t\t\t\t\t<\/div>\n\t\t\t\t\t<\/div>\n\t\t<\/div>\n\t\t\t\t\t\t\t\t<\/div>\n\t\t\t\t\t<\/div>\n\t\t<\/section>\n\t\t\t\t\t\t\t\t\t<\/div>\n\t\t\t<\/div>\n\t\t\t\t\t<\/div>\n\t\t","protected":false},"excerpt":{"rendered":"<p>~ 5 g\u00e9n\u00e9rations dans le monde de la photographie ~ Depuis 1869 Laurent Enard suit une formation de photographe chez James Perret sp\u00e9cialiste de l\u2019image publicitaire, \u00e0 Lucerne et, en parall\u00e8le, les cours de l\u2019Ecole d\u2019Arts appliqu\u00e9s de Vevey, diplom\u00e9 en 1988. 1984 L&rsquo;agence de conception visuelle Amoi sarl est cr\u00e9\u00e9e : un studio de [&hellip;]<\/p>\n","protected":false},"author":1,"featured_media":0,"parent":0,"menu_order":0,"comment_status":"closed","ping_status":"closed","template":"","meta":[],"_links":{"self":[{"href":"https:\/\/www.amoi.ch\/index.php?rest_route=\/wp\/v2\/pages\/33"}],"collection":[{"href":"https:\/\/www.amoi.ch\/index.php?rest_route=\/wp\/v2\/pages"}],"about":[{"href":"https:\/\/www.amoi.ch\/index.php?rest_route=\/wp\/v2\/types\/page"}],"author":[{"embeddable":true,"href":"https:\/\/www.amoi.ch\/index.php?rest_route=\/wp\/v2\/users\/1"}],"replies":[{"embeddable":true,"href":"https:\/\/www.amoi.ch\/index.php?rest_route=%2Fwp%2Fv2%2Fcomments&post=33"}],"version-history":[{"count":33,"href":"https:\/\/www.amoi.ch\/index.php?rest_route=\/wp\/v2\/pages\/33\/revisions"}],"predecessor-version":[{"id":673,"href":"https:\/\/www.amoi.ch\/index.php?rest_route=\/wp\/v2\/pages\/33\/revisions\/673"}],"wp:attachment":[{"href":"https:\/\/www.amoi.ch\/index.php?rest_route=%2Fwp%2Fv2%2Fmedia&parent=33"}],"curies":[{"name":"wp","href":"https:\/\/api.w.org\/{rel}","templated":true}]}}